{"id":1421,"date":"2018-04-13T11:54:33","date_gmt":"2018-04-13T11:54:33","guid":{"rendered":"https:\/\/livewp.site\/wp\/md\/moone\/shop\/"},"modified":"2021-03-12T10:49:06","modified_gmt":"2021-03-12T15:49:06","slug":"shop","status":"publish","type":"page","link":"https:\/\/leoninostudio.com\/es\/shop\/","title":{"rendered":"Tienda"},"content":{"rendered":"<div data-elementor-type=\"wp-post\" data-elementor-id=\"1421\" class=\"elementor elementor-1421\" data-elementor-post-type=\"page\">\n\t\t\t\t\t\t<section class=\"elementor-section elementor-top-section elementor-element elementor-element-cc36480 elementor-section-content-middle elementor-section-stretched elementor-section-boxed elementor-section-height-default elementor-section-height-default\" data-id=\"cc36480\" data-element_type=\"section\" data-e-type=\"section\" data-settings=\"{&quot;stretch_section&quot;:&quot;section-stretched&quot;,&quot;background_background&quot;:&quot;classic&quot;}\">\n\t\t\t\t\t\t<div class=\"elementor-container elementor-column-gap-no\">\n\t\t\t\t\t<div class=\"elementor-column elementor-col-50 elementor-top-column elementor-element elementor-element-4e345a5\" data-id=\"4e345a5\" data-element_type=\"column\" data-e-type=\"column\">\n\t\t\t<div class=\"elementor-widget-wrap elementor-element-populated\">\n\t\t\t\t\t\t<div class=\"elementor-element elementor-element-5b5aefd elementor-widget elementor-widget-heading\" data-id=\"5b5aefd\" data-element_type=\"widget\" data-e-type=\"widget\" data-settings=\"{&quot;ekit_we_effect_on&quot;:&quot;none&quot;}\" data-widget_type=\"heading.default\">\n\t\t\t\t<div class=\"elementor-widget-container\">\n\t\t\t\t\t<h2 class=\"elementor-heading-title elementor-size-default\">\u00bfQuieres un \u00e1lbum fotogr\u00e1fico?<\/h2>\t\t\t\t<\/div>\n\t\t\t\t<\/div>\n\t\t\t\t<div class=\"elementor-element elementor-element-c241f04 elementor-widget elementor-widget-text-editor\" data-id=\"c241f04\" data-element_type=\"widget\" data-e-type=\"widget\" data-settings=\"{&quot;ekit_we_effect_on&quot;:&quot;none&quot;}\" data-widget_type=\"text-editor.default\">\n\t\t\t\t<div class=\"elementor-widget-container\">\n\t\t\t\t\t\t\t\t\t<p>\u00a1Un \u00e1lbum fotogr\u00e1fico es el regalo perfecto para ti y tus amigos! Consigue tu \u00e1lbum fotogr\u00e1fico ahora mismo. Contamos con un hermoso y amplio estudio fotogr\u00e1fico, ideal para fotografiar objetos, pinturas, productos o personas. Disponemos de diferentes fondos para adaptarnos a tus necesidades.<\/p>\t\t\t\t\t\t\t\t<\/div>\n\t\t\t\t<\/div>\n\t\t\t\t<div class=\"elementor-element elementor-element-1b8fb73 elementor-widget elementor-widget-text-editor\" data-id=\"1b8fb73\" data-element_type=\"widget\" data-e-type=\"widget\" data-settings=\"{&quot;ekit_we_effect_on&quot;:&quot;none&quot;}\" data-widget_type=\"text-editor.default\">\n\t\t\t\t<div class=\"elementor-widget-container\">\n\t\t\t\t\t\t\t\t\t<p>Junto con nuestros fot\u00f3grafos y vide\u00f3grafos, ofrecemos servicios fotogr\u00e1ficos para empresas, medios de comunicaci\u00f3n y clientes privados. Contamos con el fot\u00f3grafo adecuado para ti.<\/p>\t\t\t\t\t\t\t\t<\/div>\n\t\t\t\t<\/div>\n\t\t\t\t\t<\/div>\n\t\t<\/div>\n\t\t\t\t<div class=\"elementor-column elementor-col-50 elementor-top-column elementor-element elementor-element-87db221\" data-id=\"87db221\" data-element_type=\"column\" data-e-type=\"column\">\n\t\t\t<div class=\"elementor-widget-wrap elementor-element-populated\">\n\t\t\t\t\t\t<div class=\"elementor-element elementor-element-83f04c3 elementor-widget elementor-widget-spacer\" data-id=\"83f04c3\" data-element_type=\"widget\" data-e-type=\"widget\" data-settings=\"{&quot;ekit_we_effect_on&quot;:&quot;none&quot;}\" data-widget_type=\"spacer.default\">\n\t\t\t\t<div class=\"elementor-widget-container\">\n\t\t\t\t\t\t\t<div class=\"elementor-spacer\">\n\t\t\t<div class=\"elementor-spacer-inner\"><\/div>\n\t\t<\/div>\n\t\t\t\t\t\t<\/div>\n\t\t\t\t<\/div>\n\t\t\t\t<div class=\"elementor-element elementor-element-cb8f308 elementor-widget elementor-widget-image\" data-id=\"cb8f308\" data-element_type=\"widget\" data-e-type=\"widget\" data-settings=\"{&quot;ekit_we_effect_on&quot;:&quot;none&quot;}\" data-widget_type=\"image.default\">\n\t\t\t\t<div class=\"elementor-widget-container\">\n\t\t\t\t\t\t\t\t\t\t\t\t\t\t\t<img decoding=\"async\" src=\"https:\/\/leoninostudio.com\/wp-content\/uploads\/2019\/08\/album.png\" class=\"attachment-full size-full wp-image-1910\" alt=\"\" \/>\t\t\t\t\t\t\t\t\t\t\t\t\t\t\t<\/div>\n\t\t\t\t<\/div>\n\t\t\t\t\t<\/div>\n\t\t<\/div>\n\t\t\t\t\t<\/div>\n\t\t<\/section>\n\t\t\t\t<\/div>\n\t\t<!-- AddThis Advanced Settings generic via filter on the_content --><!-- AddThis Share Buttons generic via filter on the_content -->","protected":false},"excerpt":{"rendered":"<p>PERFECT GIFT Do Your Want a Photobook?\u200b Photobook it is a perfect gift for you and your friends! Take your photobook right now. We have a beautiful and spacious photo studio. This is ideal for photographing pack shots, paintings, products or people. Different backgrounds are available. Together with our photographers and video makers, we deliver &#8230; <a title=\"Tienda\" class=\"read-more\" href=\"https:\/\/leoninostudio.com\/es\/shop\/\" aria-label=\"Read more about Shop\">Leer m\u00e1s<\/a><!-- AddThis Advanced Settings generic via filter on get_the_excerpt --><!-- AddThis Share Buttons generic via filter on get_the_excerpt --><\/p>","protected":false},"author":1,"featured_media":0,"parent":0,"menu_order":0,"comment_status":"closed","ping_status":"closed","template":"elementor_header_footer","meta":{"_joinchat":[],"footnotes":""},"class_list":["post-1421","page","type-page","status-publish"],"_links":{"self":[{"href":"https:\/\/leoninostudio.com\/es\/wp-json\/wp\/v2\/pages\/1421","targetHints":{"allow":["GET"]}}],"collection":[{"href":"https:\/\/leoninostudio.com\/es\/wp-json\/wp\/v2\/pages"}],"about":[{"href":"https:\/\/leoninostudio.com\/es\/wp-json\/wp\/v2\/types\/page"}],"author":[{"embeddable":true,"href":"https:\/\/leoninostudio.com\/es\/wp-json\/wp\/v2\/users\/1"}],"replies":[{"embeddable":true,"href":"https:\/\/leoninostudio.com\/es\/wp-json\/wp\/v2\/comments?post=1421"}],"version-history":[{"count":16,"href":"https:\/\/leoninostudio.com\/es\/wp-json\/wp\/v2\/pages\/1421\/revisions"}],"predecessor-version":[{"id":2123,"href":"https:\/\/leoninostudio.com\/es\/wp-json\/wp\/v2\/pages\/1421\/revisions\/2123"}],"wp:attachment":[{"href":"https:\/\/leoninostudio.com\/es\/wp-json\/wp\/v2\/media?parent=1421"}],"curies":[{"name":"wp","href":"https:\/\/api.w.org\/{rel}","templated":true}]}}